{"id":17595,"date":"2026-03-30T10:50:56","date_gmt":"2026-03-30T10:50:56","guid":{"rendered":"https:\/\/technovox.ba\/product\/usisivac-xiaomie10-robot\/"},"modified":"2026-03-30T22:44:54","modified_gmt":"2026-03-30T22:44:54","slug":"usisivac-robot-xiaomie10-robot","status":"publish","type":"product","link":"https:\/\/technovox.ba\/iso-639-2-3\/product\/usisivac-robot-xiaomie10-robot\/","title":{"rendered":"Usisiva\u010d Robot XiaomiE10"},"content":{"rendered":"<div class=\"wpb-content-wrapper\">\t<div  class=\"vc_row wpb_row vc_row-fluid vc_column-gap-default ts-row-wide\"  ><div class=\"wpb_column vc_column_container vc_col-sm-12\">\n\t<div class=\"wpb_wrapper\">\n\t\n\t<div class=\"wpb_text_column wpb_content_element\" >\n\t\t<div class=\"wpb_wrapper\">\n\t\t\t<p>Xiaomi Robot Vacuum E10 usisiva\u010d.<\/p>\n<p>Jednostavno kombiniranje usisavanja i brisanja podova.<\/p>\n<p>Velika usisna snaga (4000 Pa) i elektronska kontrola vode pobrinut \u0107e se za kvalitetno \u010di\u0161\u0107enje.<\/p>\n<p>Senzori za za\u0161titu od pada sa stepenica.<\/p>\n<p>Automatsko vra\u0107anje na stanicu za punjenje.<\/p>\n<p>Razli\u010diti na\u010dini \u010di\u0161\u0107enja su dostupni kroz aplikaciju Mi Home.<\/p>\n<p>Baterija traje do 110 minuta.<\/p>\n<p>Kombinovana posuda za pra\u0161inu i vodu za jednostavno rukovanje.<\/p>\n<p>Visina samo 8,1 cm. Prelazi prepreke od 2 cm.<\/p>\n<p>Povezivanje i kontrola putem aplikacije Xiaomi\/Mi Home.<\/p>\n<p>Garancija: 12 mjeseci.<\/p>\n\n\t\t<\/div>\n\t<\/div>\n\t<\/div>\n<\/div><\/div>\n<\/div>","protected":false},"excerpt":{"rendered":"<p>Robot usisiva\u010d <span class=\"hover:entity-accent entity-underline inline cursor-pointer align-baseline\"><span class=\"whitespace-normal\">Xiaomi<\/span><\/span> E10 omogu\u0107ava automatsko i efikasno \u010di\u0161\u0107enje uz sna\u017eno usisavanje i pametnu navigaciju. Dugotrajna baterija i tihi rad \u010dine ga idealnim za svakodnevno odr\u017eavanje \u010disto\u0107e doma bez napora.<\/p>\n","protected":false},"featured_media":17699,"comment_status":"open","ping_status":"closed","template":"","meta":{"_monsterinsights_skip_tracking":false,"_monsterinsights_sitenote_active":false,"_monsterinsights_sitenote_note":"","_monsterinsights_sitenote_category":0},"product_brand":[],"product_cat":[227,178],"product_tag":[],"class_list":{"0":"post-17595","1":"product","2":"type-product","3":"status-publish","4":"has-post-thumbnail","6":"product_cat-usisivaci","7":"product_cat-svi-proizvodi","8":"ts_product_brand-xiaomi","10":"first","11":"instock","12":"shipping-taxable","13":"purchasable","14":"product-type-simple"},"aioseo_notices":[],"_links":{"self":[{"href":"https:\/\/technovox.ba\/iso-639-2-3\/wp-json\/wp\/v2\/product\/17595","targetHints":{"allow":["GET"]}}],"collection":[{"href":"https:\/\/technovox.ba\/iso-639-2-3\/wp-json\/wp\/v2\/product"}],"about":[{"href":"https:\/\/technovox.ba\/iso-639-2-3\/wp-json\/wp\/v2\/types\/product"}],"replies":[{"embeddable":true,"href":"https:\/\/technovox.ba\/iso-639-2-3\/wp-json\/wp\/v2\/comments?post=17595"}],"wp:featuredmedia":[{"embeddable":true,"href":"https:\/\/technovox.ba\/iso-639-2-3\/wp-json\/wp\/v2\/media\/17699"}],"wp:attachment":[{"href":"https:\/\/technovox.ba\/iso-639-2-3\/wp-json\/wp\/v2\/media?parent=17595"}],"wp:term":[{"taxonomy":"product_brand","embeddable":true,"href":"https:\/\/technovox.ba\/iso-639-2-3\/wp-json\/wp\/v2\/product_brand?post=17595"},{"taxonomy":"product_cat","embeddable":true,"href":"https:\/\/technovox.ba\/iso-639-2-3\/wp-json\/wp\/v2\/product_cat?post=17595"},{"taxonomy":"product_tag","embeddable":true,"href":"https:\/\/technovox.ba\/iso-639-2-3\/wp-json\/wp\/v2\/product_tag?post=17595"}],"curies":[{"name":"wp","href":"https:\/\/api.w.org\/{rel}","templated":true}]}}