{"id":17459,"date":"2026-03-30T10:50:47","date_gmt":"2026-03-30T10:50:47","guid":{"rendered":"https:\/\/technovox.ba\/product\/susilica-dhna92\/"},"modified":"2026-04-01T20:33:11","modified_gmt":"2026-04-01T20:33:11","slug":"susilica-gorenje-dhna92","status":"publish","type":"product","link":"https:\/\/technovox.ba\/iso-639-2-3\/product\/susilica-gorenje-dhna92\/","title":{"rendered":"Su\u0161ilica Gorenje DHNA92"},"content":{"rendered":"<div class=\"wpb-content-wrapper\">\t<div  class=\"vc_row wpb_row vc_row-fluid vc_column-gap-default ts-row-wide\"  ><div class=\"wpb_column vc_column_container vc_col-sm-12\">\n\t<div class=\"wpb_wrapper\">\n\t\n\t<div class=\"wpb_text_column wpb_content_element\" >\n\t\t<div class=\"wpb_wrapper\">\n\t\t\t<table class=\"table\">\n<tbody>\n<tr>\n<td class=\"attrib\">Brand<\/td>\n<td>Gorenje<\/td>\n<\/tr>\n<\/tbody>\n<\/table>\n<table class=\"table\">\n<tbody>\n<tr>\n<td class=\"attrib\">Garancija<\/td>\n<td>5 god<\/td>\n<\/tr>\n<\/tbody>\n<\/table>\n<table class=\"table\">\n<tbody>\n<tr>\n<td class=\"attrib\">Tip proizvoda<\/td>\n<td>Su\u0161ilice rublja<\/td>\n<\/tr>\n<\/tbody>\n<\/table>\n<table class=\"table\">\n<tbody>\n<tr>\n<td class=\"attrib\">Energetska klasa<\/td>\n<td>A++<\/td>\n<\/tr>\n<\/tbody>\n<\/table>\n<table class=\"table\">\n<tbody>\n<tr>\n<td class=\"attrib\">Tip su\u0161ilice rublja<\/td>\n<td>Kondenzacijska<\/td>\n<\/tr>\n<\/tbody>\n<\/table>\n<table class=\"table\">\n<tbody>\n<tr>\n<td class=\"attrib\">Kapacitet su\u0161enja<\/td>\n<td>9 kg<\/td>\n<\/tr>\n<\/tbody>\n<\/table>\n<table class=\"table\">\n<tbody>\n<tr>\n<td class=\"attrib\">Potro\u0161nja elektri\u010dne energije<\/td>\n<td>245 kWh\/annum<\/td>\n<\/tr>\n<\/tbody>\n<\/table>\n<table class=\"table\">\n<tbody>\n<tr>\n<td class=\"attrib\">Trajanje ciklusa standardnog programa<\/td>\n<td>209 min<\/td>\n<\/tr>\n<\/tbody>\n<\/table>\n<table class=\"table\">\n<tbody>\n<tr>\n<td class=\"attrib\">Razred kondenzacijske u\u010dinkovitosti<\/td>\n<td>B<\/td>\n<\/tr>\n<\/tbody>\n<\/table>\n<table class=\"table\">\n<tbody>\n<tr>\n<td class=\"attrib\">Buka (dB)<\/td>\n<td>65 dB<\/td>\n<\/tr>\n<\/tbody>\n<\/table>\n<table class=\"table\">\n<tbody>\n<tr>\n<td class=\"attrib\">Postavljanje proizvoda<\/td>\n<td>Samostoje\u0107i<\/td>\n<\/tr>\n<\/tbody>\n<\/table>\n<table class=\"table\">\n<tbody>\n<tr>\n<td class=\"attrib\">Punjenje<\/td>\n<td>Prednje<\/td>\n<\/tr>\n<\/tbody>\n<\/table>\n<table class=\"table\">\n<tbody>\n<tr>\n<td class=\"attrib\">Broj programa<\/td>\n<td>15<\/td>\n<\/tr>\n<\/tbody>\n<\/table>\n<table class=\"table\">\n<tbody>\n<tr>\n<td class=\"attrib\">Program brzog su\u0161enja<\/td>\n<td>Da<\/td>\n<\/tr>\n<\/tbody>\n<\/table>\n<table class=\"table\">\n<tbody>\n<tr>\n<td class=\"attrib\">Automatsko su\u0161enje do \u017eeljenog stupnja suho\u0107e (AutoDry)<\/td>\n<td>Da<\/td>\n<\/tr>\n<\/tbody>\n<\/table>\n<table class=\"table\">\n<tbody>\n<tr>\n<td class=\"attrib\">Odgoda po\u010detka rada<\/td>\n<td>Da<\/td>\n<\/tr>\n<\/tbody>\n<\/table>\n<table class=\"table\">\n<tbody>\n<tr>\n<td class=\"attrib\">Dje\u010dija sigurnosna za\u0161tita<\/td>\n<td>Da<\/td>\n<\/tr>\n<\/tbody>\n<\/table>\n<table class=\"table\">\n<tbody>\n<tr>\n<td class=\"attrib\">Wifi povezivanje<\/td>\n<td>Ne<\/td>\n<\/tr>\n<\/tbody>\n<\/table>\n<table class=\"table\">\n<tbody>\n<tr>\n<td class=\"attrib\">Visina<\/td>\n<td>84.5 cm<\/td>\n<\/tr>\n<\/tbody>\n<\/table>\n<table class=\"table\">\n<tbody>\n<tr>\n<td class=\"attrib\">\u0160irina<\/td>\n<td>59.5 cm<\/td>\n<\/tr>\n<\/tbody>\n<\/table>\n<table class=\"table\">\n<tbody>\n<tr>\n<td class=\"attrib\">Dubina<\/td>\n<td>66 cm<\/td>\n<\/tr>\n<\/tbody>\n<\/table>\n<table class=\"table\">\n<tbody>\n<tr>\n<td class=\"attrib\">Neto te\u017eina<\/td>\n<td>54 kg<\/td>\n<\/tr>\n<\/tbody>\n<\/table>\n<table class=\"table\">\n<tbody>\n<tr>\n<td class=\"attrib\">Bruto te\u017eina<\/td>\n<td>56 kg<\/td>\n<\/tr>\n<\/tbody>\n<\/table>\n\n\t\t<\/div>\n\t<\/div>\n\t<\/div>\n<\/div><\/div>\n<\/div>","protected":false},"excerpt":{"rendered":"<p>Su\u0161ilica <span class=\"hover:entity-accent entity-underline inline cursor-pointer align-baseline\"><span class=\"whitespace-normal\">Gorenje<\/span><\/span> DHNA92 kapaciteta 9 kg koristi toplotnu pumpu za \u0161tedljivo i nje\u017eno su\u0161enje odje\u0107e. Energetska klasa A++ osigurava manju potro\u0161nju, dok TwinAir tehnologija omogu\u0107ava ravnomjerno su\u0161enje bez gu\u017evanja. Sa 15 programa, LED displejom i tihim radom, idealna je za svakodnevnu upotrebu u modernom doma\u0107instvu<\/p>\n","protected":false},"featured_media":17760,"comment_status":"open","ping_status":"closed","template":"","meta":{"_monsterinsights_skip_tracking":false,"_monsterinsights_sitenote_active":false,"_monsterinsights_sitenote_note":"","_monsterinsights_sitenote_category":0},"product_brand":[],"product_cat":[217],"product_tag":[],"class_list":{"0":"post-17459","1":"product","2":"type-product","3":"status-publish","4":"has-post-thumbnail","6":"product_cat-masine-za-susenje-vesa","7":"ts_product_brand-gorenje","9":"first","10":"instock","11":"shipping-taxable","12":"purchasable","13":"product-type-simple"},"aioseo_notices":[],"_links":{"self":[{"href":"https:\/\/technovox.ba\/iso-639-2-3\/wp-json\/wp\/v2\/product\/17459","targetHints":{"allow":["GET"]}}],"collection":[{"href":"https:\/\/technovox.ba\/iso-639-2-3\/wp-json\/wp\/v2\/product"}],"about":[{"href":"https:\/\/technovox.ba\/iso-639-2-3\/wp-json\/wp\/v2\/types\/product"}],"replies":[{"embeddable":true,"href":"https:\/\/technovox.ba\/iso-639-2-3\/wp-json\/wp\/v2\/comments?post=17459"}],"wp:featuredmedia":[{"embeddable":true,"href":"https:\/\/technovox.ba\/iso-639-2-3\/wp-json\/wp\/v2\/media\/17760"}],"wp:attachment":[{"href":"https:\/\/technovox.ba\/iso-639-2-3\/wp-json\/wp\/v2\/media?parent=17459"}],"wp:term":[{"taxonomy":"product_brand","embeddable":true,"href":"https:\/\/technovox.ba\/iso-639-2-3\/wp-json\/wp\/v2\/product_brand?post=17459"},{"taxonomy":"product_cat","embeddable":true,"href":"https:\/\/technovox.ba\/iso-639-2-3\/wp-json\/wp\/v2\/product_cat?post=17459"},{"taxonomy":"product_tag","embeddable":true,"href":"https:\/\/technovox.ba\/iso-639-2-3\/wp-json\/wp\/v2\/product_tag?post=17459"}],"curies":[{"name":"wp","href":"https:\/\/api.w.org\/{rel}","templated":true}]}}