{"id":17458,"date":"2026-03-30T10:50:47","date_gmt":"2026-03-30T10:50:47","guid":{"rendered":"https:\/\/technovox.ba\/product\/susilica-csoe-c8dg-s\/"},"modified":"2026-04-01T20:36:42","modified_gmt":"2026-04-01T20:36:42","slug":"susilica-candy-csoe-c8dg-s","status":"publish","type":"product","link":"https:\/\/technovox.ba\/iso-639-2-3\/product\/susilica-candy-csoe-c8dg-s\/","title":{"rendered":"Su\u0161ilica Candy CSOE C8DG-S"},"content":{"rendered":"<div class=\"wpb-content-wrapper\">\t<div  class=\"vc_row wpb_row vc_row-fluid vc_column-gap-default ts-row-wide\"  ><div class=\"wpb_column vc_column_container vc_col-sm-12\">\n\t<div class=\"wpb_wrapper\">\n\t\n\t<div class=\"wpb_text_column wpb_content_element\" >\n\t\t<div class=\"wpb_wrapper\">\n\t\t\t<p>Uz\u00a0<strong>Candy Smart Pro su\u0161ilice<\/strong>\u00a0ve\u0161a u\u0161tedite dragocjeno vrijeme uz najbolju vrijednost za novac.\u00a0<strong>Brzina, jednostavnost i pouzdanost<\/strong>\u00a0&#8211; pametno rje\u0161enje uz maksimalnu u\u010dinkovitost.\u00a0<strong>Inovacija na tr\u017ei\u0161tu<\/strong>\u00a0&#8211; \u010dak 7 brzih programa ispod 90 minuta za sve potrebe korisnika.<\/p>\n<ul>\n<li><strong>Candy su\u0161ilica za ve\u0161 CSOE C8DG-S Smart Pro<\/strong><\/li>\n<li><strong>Tip: kondenzacijska<\/strong><\/li>\n<li><strong>8 kg maksimalan kapacitet su\u0161enja<\/strong><\/li>\n<li><strong>SMART TEXT display &#8211; 2D tipke<\/strong><\/li>\n<li><strong>WIFI + BLUETOOTH povezivanje<\/strong><\/li>\n<li><strong>Staklena vrata<\/strong><\/li>\n<li><strong>Kondenzacijska posuda dolje<\/strong><\/li>\n<li><strong>Odgoda po\u010detka su\u0161enja (do 24h)<\/strong><\/li>\n<li><strong>14 programa<\/strong><\/li>\n<li><strong>7 BRZIH programa (12&#8242;-20&#8242;-30&#8242;-45&#8242;-59&#8242;-70&#8242;-75&#8242;)<\/strong><\/li>\n<li><strong>KG DETECTOR funkcija<\/strong><\/li>\n<li><strong>SUPER EASY IRON funkcija<\/strong><\/li>\n<li><strong>MEMO funkcija<\/strong><\/li>\n<li><strong>B klasa energetske u\u010dinkovitosti<\/strong><\/li>\n<li><strong>Dimenzije (Vx\u0160xD): 85 x 60 x 60 cm<\/strong><\/li>\n<li><strong>Barkod: 8059019036021<\/strong><\/li>\n<li><strong>Zemlja porijekla: Turska<\/strong><\/li>\n<\/ul>\n\n\t\t<\/div>\n\t<\/div>\n\t<\/div>\n<\/div><\/div>\n<\/div>","protected":false},"excerpt":{"rendered":"<p>Su\u0161ilica <span class=\"hover:entity-accent entity-underline inline cursor-pointer align-baseline\"><span class=\"whitespace-normal\">Candy<\/span><\/span> CSOE C8DG-S kapaciteta 8 kg koristi kondenzacioni sistem za jednostavno su\u0161enje bez odvoda. Pru\u017ea 14 programa, WiFi upravljanje putem aplikacije i odgo\u0111eni start do 24h. LED displej, senzori su\u0161enja i Woolmark certifikat omogu\u0107avaju nje\u017eno i efikasno su\u0161enje razli\u010ditih tkanina uz maksimalnu prakti\u010dnost.<\/p>\n","protected":false},"featured_media":17762,"comment_status":"open","ping_status":"closed","template":"","meta":{"_monsterinsights_skip_tracking":false,"_monsterinsights_sitenote_active":false,"_monsterinsights_sitenote_note":"","_monsterinsights_sitenote_category":0},"product_brand":[],"product_cat":[217],"product_tag":[],"class_list":{"0":"post-17458","1":"product","2":"type-product","3":"status-publish","4":"has-post-thumbnail","6":"product_cat-masine-za-susenje-vesa","7":"ts_product_brand-candy","9":"first","10":"instock","11":"shipping-taxable","12":"purchasable","13":"product-type-simple"},"aioseo_notices":[],"_links":{"self":[{"href":"https:\/\/technovox.ba\/iso-639-2-3\/wp-json\/wp\/v2\/product\/17458","targetHints":{"allow":["GET"]}}],"collection":[{"href":"https:\/\/technovox.ba\/iso-639-2-3\/wp-json\/wp\/v2\/product"}],"about":[{"href":"https:\/\/technovox.ba\/iso-639-2-3\/wp-json\/wp\/v2\/types\/product"}],"replies":[{"embeddable":true,"href":"https:\/\/technovox.ba\/iso-639-2-3\/wp-json\/wp\/v2\/comments?post=17458"}],"wp:featuredmedia":[{"embeddable":true,"href":"https:\/\/technovox.ba\/iso-639-2-3\/wp-json\/wp\/v2\/media\/17762"}],"wp:attachment":[{"href":"https:\/\/technovox.ba\/iso-639-2-3\/wp-json\/wp\/v2\/media?parent=17458"}],"wp:term":[{"taxonomy":"product_brand","embeddable":true,"href":"https:\/\/technovox.ba\/iso-639-2-3\/wp-json\/wp\/v2\/product_brand?post=17458"},{"taxonomy":"product_cat","embeddable":true,"href":"https:\/\/technovox.ba\/iso-639-2-3\/wp-json\/wp\/v2\/product_cat?post=17458"},{"taxonomy":"product_tag","embeddable":true,"href":"https:\/\/technovox.ba\/iso-639-2-3\/wp-json\/wp\/v2\/product_tag?post=17458"}],"curies":[{"name":"wp","href":"https:\/\/api.w.org\/{rel}","templated":true}]}}