{"id":17435,"date":"2026-03-30T10:50:46","date_gmt":"2026-03-30T10:50:46","guid":{"rendered":"https:\/\/technovox.ba\/product\/tv-samsung-50cu7092uxxh\/"},"modified":"2026-04-01T20:40:15","modified_gmt":"2026-04-01T20:40:15","slug":"tv-samsung-50cu7092uxxh","status":"publish","type":"product","link":"https:\/\/technovox.ba\/iso-639-2-3\/product\/tv-samsung-50cu7092uxxh\/","title":{"rendered":"Tv Samsung 50CU7092UXXH"},"content":{"rendered":"<div class=\"wpb-content-wrapper\">\t<div  class=\"vc_row wpb_row vc_row-fluid vc_column-gap-default ts-row-wide\"  ><div class=\"wpb_column vc_column_container vc_col-sm-12\">\n\t<div class=\"wpb_wrapper\">\n\t\n\t<div class=\"wpb_text_column wpb_content_element\" >\n\t\t<div class=\"wpb_wrapper\">\n\t\t\t<dl>\n<dt>Model proizvoda<\/dt>\n<dd>UE50CU7092UXXH<\/dd>\n<\/dl>\n<dl>\n<dt>Dijagonala<\/dt>\n<dd>50&#8243;(127cm)<\/dd>\n<\/dl>\n<dl>\n<dt>Rezolucija<\/dt>\n<dd>3840 \u00d7 2160 piksela<\/dd>\n<\/dl>\n<dl>\n<dt>Smart<\/dt>\n<dd>Da<\/dd>\n<\/dl>\n<dl>\n<dt>Tuner<\/dt>\n<dd>DVB-T2\/C\/S2<\/dd>\n<\/dl>\n<dl>\n<dt>Priklju\u010dci<\/dt>\n<dd>HDMI: 3\u00d7 HDMI (uklju\u010duju\u0107i eARC\/ARC i podr\u0161ku za Anynet+ HDMI-CEC) USB: 1\u00d7 USB-A Ethernet (LAN): 1\u00d7 RJ45 priklju\u010dak RF ulaz: 1\u00d7 (za zemaljski\/kabelski signal) Opti\u010dki audio izlaz: 1\u00d7 (digitalni audio izlaz) CI+ utor: 1\u00d7 (za CAM module) Wi-Fi: Da, Wi-Fi 5 (be\u017ei\u010dna veza) Bluetooth: Da, verzija 5.2<\/dd>\n<\/dl>\n<dl>\n<dt>Audio<\/dt>\n<dd>20 W<\/dd>\n<\/dl>\n<dl>\n<dt>Operativni sistem<\/dt>\n<dd>Tizen OS<\/dd>\n<\/dl>\n<dl>\n<dt>Dimenzije<\/dt>\n<dd>643.7 x 1110.6 x 81.9 mm<\/dd>\n<\/dl>\n<dl>\n<dt>Dimenzije s postoljem<\/dt>\n<dd>703.6 x 1110.6 x 221 mm<\/dd>\n<\/dl>\n<dl>\n<dt>Garancija<\/dt>\n<dd>2 godine<\/dd>\n<\/dl>\n\n\t\t<\/div>\n\t<\/div>\n\t<\/div>\n<\/div><\/div>\n<\/div>","protected":false},"excerpt":{"rendered":"<div class=\"flex flex-col text-sm pb-25\">\n<section class=\"text-token-text-primary w-full focus:outline-none [--shadow-height:45px] has-data-writing-block:pointer-events-none has-data-writing-block:-mt-(--shadow-height) has-data-writing-block:pt-(--shadow-height) [&#038;:has([data-writing-block])>*]:pointer-events-auto scroll-mt-[calc(var(&#8211;header-height)+min(200px,max(70px,20svh)))]&#8221; dir=&#8221;auto&#8221; data-turn-id=&#8221;request-69ca7c54-7534-8332-bb7a-208544ed57a0-6&#8243; data-testid=&#8221;conversation-turn-74&#8243; data-scroll-anchor=&#8221;true&#8221; data-turn=&#8221;assistant&#8221;><\/p>\n<div class=\"text-base my-auto mx-auto pb-10 [--thread-content-margin:var(--thread-content-margin-xs,calc(var(--spacing)*4))] @w-sm\/main:[--thread-content-margin:var(--thread-content-margin-sm,calc(var(--spacing)*6))] @w-lg\/main:[--thread-content-margin:var(--thread-content-margin-lg,calc(var(--spacing)*16))] px-(--thread-content-margin)\">\n<div class=\"[--thread-content-max-width:40rem] @w-lg\/main:[--thread-content-max-width:48rem] mx-auto max-w-(--thread-content-max-width) flex-1 group\/turn-messages focus-visible:outline-hidden relative flex w-full min-w-0 flex-col agent-turn\">\n<div class=\"flex max-w-full flex-col gap-4 grow\">\n<div class=\"min-h-8 text-message relative flex w-full flex-col items-end gap-2 text-start break-words whitespace-normal outline-none keyboard-focused:focus-ring [.text-message+&#038;]:mt-1\" dir=\"auto\" tabindex=\"0\" data-message-author-role=\"assistant\" data-message-id=\"b1c6e4c9-3e3c-4568-ac4b-da4e61df6ff0\" data-turn-start-message=\"true\" data-message-model-slug=\"gpt-5-3\">\n<div class=\"flex w-full flex-col gap-1 empty:hidden\">\n<div class=\"markdown prose dark:prose-invert w-full wrap-break-word dark markdown-new-styling\">\n<p data-start=\"165\" data-end=\"597\">TV <span class=\"hover:entity-accent entity-underline inline cursor-pointer align-baseline\"><span class=\"whitespace-normal\">Samsung<\/span><\/span> 50CU7092UXXH donosi 50\u201d Crystal UHD 4K rezoluciju (3840&#215;2160) za o\u0161tru i realisti\u010dnu sliku. Uz Crystal Processor 4K i PurColor tehnologiju, pru\u017ea bogate boje i bolji kontrast. Smart TV platforma (Tizen) omogu\u0107ava pristup aplikacijama poput YouTube i Netflix, dok moderan dizajn bez okvira savr\u0161eno se uklapa u svaki prostor.<\/p>\n<\/div>\n<\/div>\n<\/div>\n<\/div>\n<div class=\"z-0 flex min-h-[46px] justify-start\"><\/div>\n<div class=\"mt-3 w-full empty:hidden\">\n<div class=\"text-center\"><\/div>\n<\/div>\n<\/div>\n<\/div>\n<\/section>\n<\/div>\n<div class=\"pointer-events-none h-px w-px absolute bottom-0\" aria-hidden=\"true\" data-edge=\"true\"><\/div>\n","protected":false},"featured_media":17764,"comment_status":"open","ping_status":"closed","template":"","meta":{"_monsterinsights_skip_tracking":false,"_monsterinsights_sitenote_active":false,"_monsterinsights_sitenote_note":"","_monsterinsights_sitenote_category":0},"product_brand":[],"product_cat":[210],"product_tag":[],"class_list":{"0":"post-17435","1":"product","2":"type-product","3":"status-publish","4":"has-post-thumbnail","6":"product_cat-televizori","7":"ts_product_brand-samsung","9":"first","10":"instock","11":"shipping-taxable","12":"purchasable","13":"product-type-simple"},"aioseo_notices":[],"_links":{"self":[{"href":"https:\/\/technovox.ba\/iso-639-2-3\/wp-json\/wp\/v2\/product\/17435","targetHints":{"allow":["GET"]}}],"collection":[{"href":"https:\/\/technovox.ba\/iso-639-2-3\/wp-json\/wp\/v2\/product"}],"about":[{"href":"https:\/\/technovox.ba\/iso-639-2-3\/wp-json\/wp\/v2\/types\/product"}],"replies":[{"embeddable":true,"href":"https:\/\/technovox.ba\/iso-639-2-3\/wp-json\/wp\/v2\/comments?post=17435"}],"wp:featuredmedia":[{"embeddable":true,"href":"https:\/\/technovox.ba\/iso-639-2-3\/wp-json\/wp\/v2\/media\/17764"}],"wp:attachment":[{"href":"https:\/\/technovox.ba\/iso-639-2-3\/wp-json\/wp\/v2\/media?parent=17435"}],"wp:term":[{"taxonomy":"product_brand","embeddable":true,"href":"https:\/\/technovox.ba\/iso-639-2-3\/wp-json\/wp\/v2\/product_brand?post=17435"},{"taxonomy":"product_cat","embeddable":true,"href":"https:\/\/technovox.ba\/iso-639-2-3\/wp-json\/wp\/v2\/product_cat?post=17435"},{"taxonomy":"product_tag","embeddable":true,"href":"https:\/\/technovox.ba\/iso-639-2-3\/wp-json\/wp\/v2\/product_tag?post=17435"}],"curies":[{"name":"wp","href":"https:\/\/api.w.org\/{rel}","templated":true}]}}