{"id":17380,"date":"2026-03-30T10:50:43","date_gmt":"2026-03-30T10:50:43","guid":{"rendered":"https:\/\/technovox.ba\/product\/fen-philips-bhd340-10\/"},"modified":"2026-04-01T21:08:41","modified_gmt":"2026-04-01T21:08:41","slug":"fen-philips-bhd340-10","status":"publish","type":"product","link":"https:\/\/technovox.ba\/iso-639-2-3\/product\/fen-philips-bhd340-10\/","title":{"rendered":"Fen Philips BHD340\/10"},"content":{"rendered":"<div class=\"wpb-content-wrapper\">\t<div  class=\"vc_row wpb_row vc_row-fluid vc_column-gap-default ts-row-wide\"  ><div class=\"wpb_column vc_column_container vc_col-sm-12\">\n\t<div class=\"wpb_wrapper\">\n\t\n\t<div class=\"wpb_text_column wpb_content_element\" >\n\t\t<div class=\"wpb_wrapper\">\n\t\t\t<p><strong>ULTRA BRZO SU\u0160ENJE ZA GLATKU I SJAJNU KOSU<\/strong><\/p>\n<p>Za brze rezultate i u\u010dinkovito su\u0161enje Rowenta DC su\u0161ilo za kosu pru\u017ea savr\u0161eni paket za su\u0161enje kose. 2100 W snaga za u\u010dinkovito su\u0161enje, s dvije brzine i tri postavke temperature koje omogu\u0107uju potpunu kontrolu nad stilom i udar hladnog zraka za dugotrajne rezultate.<\/p>\n<p><strong>ROWENTA Hair Dryer &#8211; Promo Collection CV5519F0<\/strong><\/p>\n<ul>\n<li>Fen za kosu 2100W snage za u\u010dinkovito su\u0161enje<\/li>\n<li>6 postavki za apsolutnu kontrolu tokom su\u0161enja, 3 temperature \/ 2 brzine za prilagodbu protoka zraka i temperature<\/li>\n<li>Udar hladnog zraka za u\u010dvr\u0161\u0107enje frizure na kraju su\u0161enja za dugotrajne rezultate<\/li>\n<li>Usmjeriva\u010d za preciznost su\u0161enja i savr\u0161enu zavr\u0161nu obradu<\/li>\n<li>Dugi kabal za jos ve\u0107u udobnosti upotrebe<\/li>\n<li>Kukica za vje\u0161anje<\/li>\n<li>Odvojiva re\u0161etka za jednostavno \u010di\u0161\u0107enje<\/li>\n<\/ul>\n<table width=\"933\">\n<tbody>\n<tr>\n<td width=\"467\">Snaga<\/td>\n<td width=\"467\">2100<\/td>\n<\/tr>\n<tr>\n<td width=\"467\">U\u010dinkovitost<\/td>\n<td width=\"467\">Effiwatti Effiwatts<\/td>\n<\/tr>\n<tr>\n<td width=\"467\">Brzina su\u0161enja<\/td>\n<td width=\"467\">g\/min g\/min<\/td>\n<\/tr>\n<tr>\n<td width=\"467\">Postavke temperature<\/td>\n<td width=\"467\">3<\/td>\n<\/tr>\n<tr>\n<td width=\"467\">Udar hladnog zraka<\/td>\n<td width=\"467\">DA<\/td>\n<\/tr>\n<tr>\n<td width=\"467\">Koncentrator<\/td>\n<td width=\"467\">1<\/td>\n<\/tr>\n<tr>\n<td width=\"467\">Vrsta difuzera<\/td>\n<td width=\"467\">Standardno<\/td>\n<\/tr>\n<tr>\n<td width=\"467\">[Diffuser]<\/td>\n<td width=\"467\">DA<\/td>\n<\/tr>\n<tr>\n<td colspan=\"2\" width=\"933\"><strong>Ergonomi\u010dnost \/ Udobnost pri upotrebi<\/strong><\/td>\n<\/tr>\n<tr>\n<td width=\"467\">Vrsta motora<\/td>\n<td width=\"467\">DC<\/td>\n<\/tr>\n<tr>\n<td width=\"467\">Odvojiva re\u0161etka<\/td>\n<td width=\"467\">DA<\/td>\n<\/tr>\n<tr>\n<td width=\"467\">U\u0161ica za ka\u010denje<\/td>\n<td width=\"467\">DA<\/td>\n<\/tr>\n<tr>\n<td colspan=\"2\" width=\"933\"><strong>Tehni\u010dke specifikacije<\/strong><\/td>\n<\/tr>\n<tr>\n<td width=\"467\">Volta\u017ea<\/td>\n<td width=\"467\">220-240 V<\/td>\n<\/tr>\n<tr>\n<td width=\"467\">Du\u017eina kabla<\/td>\n<td width=\"467\">1,8 m<\/td>\n<\/tr>\n<tr>\n<td width=\"467\">Boje<\/td>\n<td width=\"467\">Crna\/Sme\u0111a<\/td>\n<\/tr>\n<\/tbody>\n<\/table>\n\n\t\t<\/div>\n\t<\/div>\n\t<\/div>\n<\/div><\/div>\n<\/div>","protected":false},"excerpt":{"rendered":"<p>Fen za kosu <span class=\"hover:entity-accent entity-underline inline cursor-pointer align-baseline\"><span class=\"whitespace-normal\">Philips<\/span><\/span> BHD340\/10 snage 2100W omogu\u0107ava brzo i efikasno su\u0161enje uz sna\u017ean protok zraka. ThermoProtect tehnologija \u0161titi kosu kombinacijom toplog i hladnog zraka, dok 6 nivoa brzine i temperature omogu\u0107ava precizno stilizovanje. Funkcija hladnog zraka fiksira frizuru, a uski koncentrator omogu\u0107ava detaljno oblikovanje.<\/p>\n","protected":false},"featured_media":17776,"comment_status":"open","ping_status":"closed","template":"","meta":{"_monsterinsights_skip_tracking":false,"_monsterinsights_sitenote_active":false,"_monsterinsights_sitenote_note":"","_monsterinsights_sitenote_category":0},"product_brand":[],"product_cat":[207],"product_tag":[],"class_list":{"0":"post-17380","1":"product","2":"type-product","3":"status-publish","4":"has-post-thumbnail","6":"product_cat-uredaji-za-kosu","7":"ts_product_brand-rowenta","9":"first","10":"instock","11":"shipping-taxable","12":"purchasable","13":"product-type-simple"},"aioseo_notices":[],"_links":{"self":[{"href":"https:\/\/technovox.ba\/iso-639-2-3\/wp-json\/wp\/v2\/product\/17380","targetHints":{"allow":["GET"]}}],"collection":[{"href":"https:\/\/technovox.ba\/iso-639-2-3\/wp-json\/wp\/v2\/product"}],"about":[{"href":"https:\/\/technovox.ba\/iso-639-2-3\/wp-json\/wp\/v2\/types\/product"}],"replies":[{"embeddable":true,"href":"https:\/\/technovox.ba\/iso-639-2-3\/wp-json\/wp\/v2\/comments?post=17380"}],"wp:featuredmedia":[{"embeddable":true,"href":"https:\/\/technovox.ba\/iso-639-2-3\/wp-json\/wp\/v2\/media\/17776"}],"wp:attachment":[{"href":"https:\/\/technovox.ba\/iso-639-2-3\/wp-json\/wp\/v2\/media?parent=17380"}],"wp:term":[{"taxonomy":"product_brand","embeddable":true,"href":"https:\/\/technovox.ba\/iso-639-2-3\/wp-json\/wp\/v2\/product_brand?post=17380"},{"taxonomy":"product_cat","embeddable":true,"href":"https:\/\/technovox.ba\/iso-639-2-3\/wp-json\/wp\/v2\/product_cat?post=17380"},{"taxonomy":"product_tag","embeddable":true,"href":"https:\/\/technovox.ba\/iso-639-2-3\/wp-json\/wp\/v2\/product_tag?post=17380"}],"curies":[{"name":"wp","href":"https:\/\/api.w.org\/{rel}","templated":true}]}}