{"id":17376,"date":"2026-03-30T10:50:42","date_gmt":"2026-03-30T10:50:42","guid":{"rendered":"https:\/\/technovox.ba\/product\/kuhalo-e3k1-3st-electrolux\/"},"modified":"2026-04-02T09:51:45","modified_gmt":"2026-04-02T09:51:45","slug":"kuhalo-e3k1-3st-electrolux","status":"publish","type":"product","link":"https:\/\/technovox.ba\/iso-639-2-3\/product\/kuhalo-e3k1-3st-electrolux\/","title":{"rendered":"Kuhalo E3K1-3ST Electrolux"},"content":{"rendered":"<div class=\"wpb-content-wrapper\">\t<div  class=\"vc_row wpb_row vc_row-fluid vc_column-gap-default ts-row-wide\"  ><div class=\"wpb_column vc_column_container vc_col-sm-12\">\n\t<div class=\"wpb_wrapper\">\n\t\n\t<div class=\"wpb_text_column wpb_content_element\" >\n\t\t<div class=\"wpb_wrapper\">\n\t\t\t<table class=\"table\">\n<tbody>\n<tr>\n<td class=\"attrib\">Tip proizvoda<\/td>\n<td>Kuhala za vodu<\/td>\n<\/tr>\n<\/tbody>\n<\/table>\n<table class=\"table\">\n<tbody>\n<tr>\n<td class=\"attrib\">Brand<\/td>\n<td>Electrolux<\/td>\n<\/tr>\n<\/tbody>\n<\/table>\n<table class=\"table\">\n<tbody>\n<tr>\n<td class=\"attrib\">Garancija<\/td>\n<td>1 god<\/td>\n<\/tr>\n<\/tbody>\n<\/table>\n<table class=\"table\">\n<tbody>\n<tr>\n<td class=\"attrib\">Boja<\/td>\n<td>Inox<\/td>\n<\/tr>\n<\/tbody>\n<\/table>\n<table class=\"table\">\n<tbody>\n<tr>\n<td class=\"attrib\">Snaga<\/td>\n<td>1850 W<\/td>\n<\/tr>\n<\/tbody>\n<\/table>\n\n\t\t<\/div>\n\t<\/div>\n\t<\/div>\n<\/div><\/div>\n<\/div>","protected":false},"excerpt":{"rendered":"<p>Kuhalo za vodu <span class=\"hover:entity-accent entity-underline inline cursor-pointer align-baseline\"><span class=\"whitespace-normal\">Electrolux<\/span><\/span> E3K1-3ST kapaciteta 1.7L i snage do 2200W omogu\u0107ava brzo zagrijavanje vode za svakodnevnu upotrebu. Inox ku\u0107i\u0161te daje moderan izgled i dugotrajnost, dok 360\u00b0 rotiraju\u0107a baza i be\u017ei\u010dno kori\u0161tenje pru\u017eaju maksimalnu prakti\u010dnost. Automatsko isklju\u010divanje i za\u0161tita od rada bez vode osiguravaju sigurnu upotrebu, a indikator nivoa vode omogu\u0107ava preciznu kontrolu<\/p>\n","protected":false},"featured_media":17788,"comment_status":"open","ping_status":"closed","template":"","meta":{"_monsterinsights_skip_tracking":false,"_monsterinsights_sitenote_active":false,"_monsterinsights_sitenote_note":"","_monsterinsights_sitenote_category":0},"product_brand":[],"product_cat":[205],"product_tag":[],"class_list":{"0":"post-17376","1":"product","2":"type-product","3":"status-publish","4":"has-post-thumbnail","6":"product_cat-kuhala-aparati-za-vodu-i-sokove","7":"ts_product_brand-electrolux","9":"first","10":"instock","11":"shipping-taxable","12":"purchasable","13":"product-type-simple"},"aioseo_notices":[],"_links":{"self":[{"href":"https:\/\/technovox.ba\/iso-639-2-3\/wp-json\/wp\/v2\/product\/17376","targetHints":{"allow":["GET"]}}],"collection":[{"href":"https:\/\/technovox.ba\/iso-639-2-3\/wp-json\/wp\/v2\/product"}],"about":[{"href":"https:\/\/technovox.ba\/iso-639-2-3\/wp-json\/wp\/v2\/types\/product"}],"replies":[{"embeddable":true,"href":"https:\/\/technovox.ba\/iso-639-2-3\/wp-json\/wp\/v2\/comments?post=17376"}],"wp:featuredmedia":[{"embeddable":true,"href":"https:\/\/technovox.ba\/iso-639-2-3\/wp-json\/wp\/v2\/media\/17788"}],"wp:attachment":[{"href":"https:\/\/technovox.ba\/iso-639-2-3\/wp-json\/wp\/v2\/media?parent=17376"}],"wp:term":[{"taxonomy":"product_brand","embeddable":true,"href":"https:\/\/technovox.ba\/iso-639-2-3\/wp-json\/wp\/v2\/product_brand?post=17376"},{"taxonomy":"product_cat","embeddable":true,"href":"https:\/\/technovox.ba\/iso-639-2-3\/wp-json\/wp\/v2\/product_cat?post=17376"},{"taxonomy":"product_tag","embeddable":true,"href":"https:\/\/technovox.ba\/iso-639-2-3\/wp-json\/wp\/v2\/product_tag?post=17376"}],"curies":[{"name":"wp","href":"https:\/\/api.w.org\/{rel}","templated":true}]}}