{"id":17562,"date":"2026-03-30T10:50:54","date_gmt":"2026-03-30T10:50:54","guid":{"rendered":"https:\/\/technovox.ba\/product\/bojler-tg80w-e\/"},"modified":"2026-03-30T22:45:42","modified_gmt":"2026-03-30T22:45:42","slug":"bojler-tg80w-e","status":"publish","type":"product","link":"https:\/\/technovox.ba\/bs\/proizvod\/bojler-tg80w-e\/","title":{"rendered":"Bojler Gorenje TG80W-E"},"content":{"rendered":"<div class=\"wpb-content-wrapper\">\t<div  class=\"vc_row wpb_row vc_row-fluid vc_column-gap-default ts-row-wide\"  ><div class=\"wpb_column vc_column_container vc_col-sm-12\">\n\t<div class=\"wpb_wrapper\">\n\t\n\t<div class=\"wpb_text_column wpb_content_element\" >\n\t\t<div class=\"wpb_wrapper\">\n\t\t\t<p>GORENJE bojler TG80W je pouzdan elektri\u010dni bojler sa zapreminom od 80L. Opremljen je uronjenim bakarnim grija\u010dem koji pru\u017ea otpornost na koroziju i dug vijek trajanja. Dvostruka za\u0161tita od korozije obezbje\u0111ena je zahvaljuju\u0107i visokokvalitetnom emajlu i magnezijumskoj anodi. Bojler ima ru\u010dno pode\u0161avanje temperature, za\u0161titu od rada na suvo i pregrijavanja, te osnovnu regulaciju za ekonomi\u010dan rad. Snaga grija\u010da iznosi 1500W, a radni pritisak je 7 bara.<\/p>\n\n\t\t<\/div>\n\t<\/div>\n\t<\/div>\n<\/div><\/div>\n<\/div>","protected":false},"excerpt":{"rendered":"<p>Bojler <span class=\"hover:entity-accent entity-underline inline cursor-pointer align-baseline\"><span class=\"whitespace-normal\">Gorenje<\/span><\/span> TG80W kapaciteta oko 80L omogu\u0107ava pouzdano i stabilno zagrijavanje vode za doma\u0107instvo. Zahvaljuju\u0107i kvalitetnoj izolaciji, dvostrukoj za\u0161titi od korozije i sigurnosnim sistemima, osigurava dug radni vijek i sigurnu upotrebu. Jednostavno upravljanje i kompaktan dizajn \u010dine ga prakti\u010dnim izborom za svaki prostor.<\/p>","protected":false},"featured_media":17715,"comment_status":"open","ping_status":"closed","template":"","meta":{"_monsterinsights_skip_tracking":false,"_monsterinsights_sitenote_active":false,"_monsterinsights_sitenote_note":"","_monsterinsights_sitenote_category":0},"product_brand":[],"product_cat":[224,178],"product_tag":[],"class_list":{"0":"post-17562","1":"product","2":"type-product","3":"status-publish","4":"has-post-thumbnail","6":"product_cat-bojleri-bijela-tehnika","7":"product_cat-svi-proizvodi","8":"ts_product_brand-gorenje","10":"first","11":"instock","12":"shipping-taxable","13":"purchasable","14":"product-type-simple"},"aioseo_notices":[],"_links":{"self":[{"href":"https:\/\/technovox.ba\/bs\/wp-json\/wp\/v2\/product\/17562","targetHints":{"allow":["GET"]}}],"collection":[{"href":"https:\/\/technovox.ba\/bs\/wp-json\/wp\/v2\/product"}],"about":[{"href":"https:\/\/technovox.ba\/bs\/wp-json\/wp\/v2\/types\/product"}],"replies":[{"embeddable":true,"href":"https:\/\/technovox.ba\/bs\/wp-json\/wp\/v2\/comments?post=17562"}],"wp:featuredmedia":[{"embeddable":true,"href":"https:\/\/technovox.ba\/bs\/wp-json\/wp\/v2\/media\/17715"}],"wp:attachment":[{"href":"https:\/\/technovox.ba\/bs\/wp-json\/wp\/v2\/media?parent=17562"}],"wp:term":[{"taxonomy":"product_brand","embeddable":true,"href":"https:\/\/technovox.ba\/bs\/wp-json\/wp\/v2\/product_brand?post=17562"},{"taxonomy":"product_cat","embeddable":true,"href":"https:\/\/technovox.ba\/bs\/wp-json\/wp\/v2\/product_cat?post=17562"},{"taxonomy":"product_tag","embeddable":true,"href":"https:\/\/technovox.ba\/bs\/wp-json\/wp\/v2\/product_tag?post=17562"}],"curies":[{"name":"wp","href":"https:\/\/api.w.org\/{rel}","templated":true}]}}