{"id":17495,"date":"2026-03-30T10:50:50","date_gmt":"2026-03-30T10:50:50","guid":{"rendered":"https:\/\/technovox.ba\/product\/elektricni-sporet-eht-6020-wg\/"},"modified":"2026-03-31T11:31:20","modified_gmt":"2026-03-31T11:31:20","slug":"elektricni-sporet-vox-eht-6020-wg","status":"publish","type":"product","link":"https:\/\/technovox.ba\/bs\/proizvod\/elektricni-sporet-vox-eht-6020-wg\/","title":{"rendered":"Elektri\u010dni \u0160poret Vox EHT 6020 WG"},"content":{"rendered":"<div class=\"wpb-content-wrapper\">\t<div  class=\"vc_row wpb_row vc_row-fluid vc_column-gap-default ts-row-wide\"  ><div class=\"wpb_column vc_column_container vc_col-sm-12\">\n\t<div class=\"wpb_wrapper\">\n\t\n\t<div class=\"wpb_text_column wpb_content_element\" >\n\t\t<div class=\"wpb_wrapper\">\n\t\t\t<dl class=\"row\">\n<dt class=\"col-lg-4\">Tip rerne<\/dt>\n<dd class=\"col-lg-8\">Elektri\u010dna<\/dd>\n<dt class=\"col-lg-4\">Zapremina rerne<\/dt>\n<dd class=\"col-lg-8\">65 l<\/dd>\n<dt class=\"col-lg-4\">Broj grijnih zona<\/dt>\n<dd class=\"col-lg-8\">4<\/dd>\n<dt class=\"col-lg-4\">Boja<\/dt>\n<dd class=\"col-lg-8\">Bijela<\/dd>\n<dt class=\"col-lg-4\">Garancija<\/dt>\n<dd class=\"col-lg-8\">60 mjeseci<\/dd>\n<dt class=\"col-lg-4\">Broj funkcija pe\u0107nice<\/dt>\n<dd class=\"col-lg-8\">8<\/dd>\n<dt class=\"col-lg-4\">Uklonjiva vrata rerne<\/dt>\n<dd class=\"col-lg-8\">Da<\/dd>\n<dt class=\"col-lg-4\">Elektri\u010dni dupli gril grija\u010d<\/dt>\n<dd class=\"col-lg-8\">Da<\/dd>\n<dt class=\"col-lg-4\">Hromirana re\u0161etka<\/dt>\n<dd class=\"col-lg-8\">1 kom<\/dd>\n<dt class=\"col-lg-4\">Gratis pleh za pe\u010denje<\/dt>\n<dd class=\"col-lg-8\">Duboki &#8211; Da, Plitki &#8211; Da<\/dd>\n<dt class=\"col-lg-4\">Poklopac<\/dt>\n<dd class=\"col-lg-8\">Da<\/dd>\n<dt class=\"col-lg-4\">Br\u017ee pe\u010denje na ro\u0161tilju<\/dt>\n<dd class=\"col-lg-8\">Da<\/dd>\n<dt class=\"col-lg-4\">Dupli ro\u0161tilj sa ventilatorom<\/dt>\n<dd class=\"col-lg-8\">Da<\/dd>\n<dt class=\"col-lg-4\">Ro\u0161tilj<\/dt>\n<dd class=\"col-lg-8\">Da<\/dd>\n<dt class=\"col-lg-4\">Ventilator<\/dt>\n<dd class=\"col-lg-8\">Da<\/dd>\n<dt class=\"col-lg-4\">Visina sa podignutim poklopcem<\/dt>\n<dd class=\"col-lg-8\">1450 mm<\/dd>\n<dt class=\"col-lg-4\">Dubina sa otvorenim vratima<\/dt>\n<dd class=\"col-lg-8\">1050 mm<\/dd>\n<dt class=\"col-lg-4\">Dimenzije ure\u0111aja (\u0160xVxD)<\/dt>\n<dd class=\"col-lg-8\">600x850x600 mm<\/dd>\n<dt class=\"col-lg-4\">Ukupna te\u017eina<\/dt>\n<dd class=\"col-lg-8\">44.02 kg<\/dd>\n<\/dl>\n\n\t\t<\/div>\n\t<\/div>\n\t<\/div>\n<\/div><\/div>\n<\/div>","protected":false},"excerpt":{"rendered":"<p>Elektri\u010dni \u0161poret <span class=\"hover:entity-accent entity-underline inline cursor-pointer align-baseline\"><span class=\"whitespace-normal\">VOX<\/span><\/span> EHT 6020 WG \u0161irine 60 cm dolazi sa 4 ringle i multifunkcionalnom rernom zapremine 65L. Sa 8 funkcija pe\u010denja, ventilatorskom rernom i sna\u017enim grija\u010dima omogu\u0107ava ravnomjerno i efikasno pripremanje hrane. Jednostavno upravljanje, lako \u010di\u0161\u0107enje i prakti\u010dni dodaci \u010dine ga odli\u010dnim izborom za svaku kuhinju.<\/p>","protected":false},"featured_media":17730,"comment_status":"open","ping_status":"closed","template":"","meta":{"_monsterinsights_skip_tracking":false,"_monsterinsights_sitenote_active":false,"_monsterinsights_sitenote_note":"","_monsterinsights_sitenote_category":0},"product_brand":[],"product_cat":[221,178],"product_tag":[],"class_list":{"0":"post-17495","1":"product","2":"type-product","3":"status-publish","4":"has-post-thumbnail","6":"product_cat-elektricni-sporeti","7":"product_cat-svi-proizvodi","8":"ts_product_brand-vox","10":"first","11":"instock","12":"shipping-taxable","13":"purchasable","14":"product-type-simple"},"aioseo_notices":[],"_links":{"self":[{"href":"https:\/\/technovox.ba\/bs\/wp-json\/wp\/v2\/product\/17495","targetHints":{"allow":["GET"]}}],"collection":[{"href":"https:\/\/technovox.ba\/bs\/wp-json\/wp\/v2\/product"}],"about":[{"href":"https:\/\/technovox.ba\/bs\/wp-json\/wp\/v2\/types\/product"}],"replies":[{"embeddable":true,"href":"https:\/\/technovox.ba\/bs\/wp-json\/wp\/v2\/comments?post=17495"}],"wp:featuredmedia":[{"embeddable":true,"href":"https:\/\/technovox.ba\/bs\/wp-json\/wp\/v2\/media\/17730"}],"wp:attachment":[{"href":"https:\/\/technovox.ba\/bs\/wp-json\/wp\/v2\/media?parent=17495"}],"wp:term":[{"taxonomy":"product_brand","embeddable":true,"href":"https:\/\/technovox.ba\/bs\/wp-json\/wp\/v2\/product_brand?post=17495"},{"taxonomy":"product_cat","embeddable":true,"href":"https:\/\/technovox.ba\/bs\/wp-json\/wp\/v2\/product_cat?post=17495"},{"taxonomy":"product_tag","embeddable":true,"href":"https:\/\/technovox.ba\/bs\/wp-json\/wp\/v2\/product_tag?post=17495"}],"curies":[{"name":"wp","href":"https:\/\/api.w.org\/{rel}","templated":true}]}}