{"id":17312,"date":"2026-03-30T10:50:37","date_gmt":"2026-03-30T10:50:37","guid":{"rendered":"https:\/\/technovox.ba\/product\/napa-kam-chm-650ix\/"},"modified":"2026-03-30T13:41:25","modified_gmt":"2026-03-30T13:41:25","slug":"napa-kaminska-vox-chm-650ix","status":"publish","type":"product","link":"https:\/\/technovox.ba\/bs\/proizvod\/napa-kaminska-vox-chm-650ix\/","title":{"rendered":"Napa kaminska VOX CHM 650IX"},"content":{"rendered":"<div class=\"wpb-content-wrapper\">\t<div  class=\"vc_row wpb_row vc_row-fluid vc_column-gap-default ts-row-wide\"  ><div class=\"wpb_column vc_column_container vc_col-sm-12\">\n\t<div class=\"wpb_wrapper\">\n\t\n\t<div class=\"wpb_text_column wpb_content_element\" >\n\t\t<div class=\"wpb_wrapper\">\n\t\t\t<h2 class=\"GSebTag\">VOX napa PIO6502MW<\/h2>\n<p><strong>LED svjetlo<\/strong><br \/>\nLedLighting pru\u017ea izuzetnu osvjetljenost i jasniju preglednost. Pored znatno bolje osvjetljenosti, LED osvjetljenje ima du\u017ei vijek trajanja i \u0161tedi elektri\u010dnu energiju.<\/p>\n<p><strong>Mogu\u0107nost recirkulacije<\/strong><br \/>\n\u2013 recirkulacione nape uvla\u010de dim, neprijatne mirise i isparenja od kuhanja koja potom prolaze kroz filter, nakon \u010dega se \u010dist vazduh vra\u0107a u prostoriju.<\/p>\n<p><strong>OSNOVNE INFORMACIJE<\/strong><\/p>\n<ul>\n<li>Broj brzina rada 3 brzine rada<\/li>\n<li>Broj motora 1<\/li>\n<li>Boja Inox<\/li>\n<li>Garancija 5 godina<\/li>\n<li>Klasa energetske efikasnosti D<\/li>\n<li>\u0160irina nape 600 mm<\/li>\n<\/ul>\n<p><strong>TEHNI\u010cKE KARAKTERISTIKE<\/strong><\/p>\n<ul>\n<li>Usisna snaga (m3\/h) 253 m3\/h<\/li>\n<li>Tip svjetla LED<\/li>\n<li>Aluminijumski kasetni filter periv u sudoma\u0161ini Da<\/li>\n<li>Efikasnost filtriranja masno\u0107a (GFE) 75.9<\/li>\n<li>Godi\u0161nja potro\u0161nja energije (kWh) 60<\/li>\n<li>Klasa efikasnosti filtriranja masno\u0107a (GFE) C<\/li>\n<li>Maksimalni protok vazduha pri uobi\u010dajenoj upotrebi 253 m3\/h<\/li>\n<li>Minimalni protok vazduha pri uobi\u010dajenoj upotrebi 189 m3\/h<\/li>\n<li>Mogu\u0107nost pode\u0161avanja visine Da<\/li>\n<li>Nivo buke 61 dB<\/li>\n<li>Pozicija izduvnog otvora Sa gornje strane<\/li>\n<li>Pre\u010dnik izduvnog otvora 120 mm<\/li>\n<li>Ukupna snaga ure\u0111aja 128 W<\/li>\n<\/ul>\n<p><strong>DIMENZIJE I TE\u017dINA<\/strong><\/p>\n<ul>\n<li>Neto te\u017eina 6.7 kg<\/li>\n<li>Koli\u010dina utovara (40ftHC kontejner) 845 kom<\/li>\n<li>Bruto te\u017eina 7.2 kg<\/li>\n<li>Dimenzije ure\u0111aja (\u0160xVxD) 598x172x450 mm<\/li>\n<li>Max. visina dekorativnog aspiratora 902 mm<\/li>\n<li>Min. visina dekorativnog aspiratora 572 mm<\/li>\n<\/ul>\n\n\t\t<\/div>\n\t<\/div>\n\t<\/div>\n<\/div><\/div>\n<\/div>","protected":false},"excerpt":{"rendered":"<div class=\"text-base my-auto mx-auto [--thread-content-margin:var(--thread-content-margin-xs,calc(var(--spacing)*4))] @w-sm\/main:[--thread-content-margin:var(--thread-content-margin-sm,calc(var(--spacing)*6))] @w-lg\/main:[--thread-content-margin:var(--thread-content-margin-lg,calc(var(--spacing)*16))] px-(--thread-content-margin)\">\n<div class=\"[--thread-content-max-width:40rem] @w-lg\/main:[--thread-content-max-width:48rem] mx-auto max-w-(--thread-content-max-width) flex-1 group\/turn-messages focus-visible:outline-hidden relative flex w-full min-w-0 flex-col agent-turn\">\n<div class=\"flex max-w-full flex-col gap-4 grow\">\n<div class=\"min-h-8 text-message relative flex w-full flex-col items-end gap-2 text-start break-words whitespace-normal outline-none keyboard-focused:focus-ring [.text-message+&#038;]:mt-1\" dir=\"auto\" data-message-author-role=\"assistant\" data-message-id=\"a2a50cf9-6405-4ef2-a468-0759365daf6a\" data-message-model-slug=\"gpt-5-3\">\n<div class=\"flex w-full flex-col gap-1 empty:hidden\">\n<div class=\"markdown prose dark:prose-invert w-full wrap-break-word dark markdown-new-styling\">\n<p data-start=\"435\" data-end=\"737\" data-is-last-node=\"\" data-is-only-node=\"\">Kaminska napa CHM 650IX odlikuje se modernim inox dizajnom i sna\u017enim performansama. Efikasno uklanja paru i mirise, uz vi\u0161e brzina rada i prakti\u010dno LED osvjetljenje za bolju preglednost tokom kuhanja. Pouzdana i jednostavna za kori\u0161tenje, savr\u0161en je dodatak svakoj kuhinji.<\/p>\n<\/div>\n<\/div>\n<\/div>\n<\/div>\n<div class=\"z-0 flex min-h-[46px] justify-start\"><\/div>\n<\/div>\n<\/div>\n","protected":false},"featured_media":17627,"comment_status":"open","ping_status":"closed","template":"","meta":{"_monsterinsights_skip_tracking":false,"_monsterinsights_sitenote_active":false,"_monsterinsights_sitenote_note":"","_monsterinsights_sitenote_category":0},"product_brand":[],"product_cat":[193],"product_tag":[],"class_list":{"0":"post-17312","1":"product","2":"type-product","3":"status-publish","4":"has-post-thumbnail","6":"product_cat-nape","8":"first","9":"instock","10":"shipping-taxable","11":"purchasable","12":"product-type-simple"},"aioseo_notices":[],"_links":{"self":[{"href":"https:\/\/technovox.ba\/bs\/wp-json\/wp\/v2\/product\/17312","targetHints":{"allow":["GET"]}}],"collection":[{"href":"https:\/\/technovox.ba\/bs\/wp-json\/wp\/v2\/product"}],"about":[{"href":"https:\/\/technovox.ba\/bs\/wp-json\/wp\/v2\/types\/product"}],"replies":[{"embeddable":true,"href":"https:\/\/technovox.ba\/bs\/wp-json\/wp\/v2\/comments?post=17312"}],"wp:featuredmedia":[{"embeddable":true,"href":"https:\/\/technovox.ba\/bs\/wp-json\/wp\/v2\/media\/17627"}],"wp:attachment":[{"href":"https:\/\/technovox.ba\/bs\/wp-json\/wp\/v2\/media?parent=17312"}],"wp:term":[{"taxonomy":"product_brand","embeddable":true,"href":"https:\/\/technovox.ba\/bs\/wp-json\/wp\/v2\/product_brand?post=17312"},{"taxonomy":"product_cat","embeddable":true,"href":"https:\/\/technovox.ba\/bs\/wp-json\/wp\/v2\/product_cat?post=17312"},{"taxonomy":"product_tag","embeddable":true,"href":"https:\/\/technovox.ba\/bs\/wp-json\/wp\/v2\/product_tag?post=17312"}],"curies":[{"name":"wp","href":"https:\/\/api.w.org\/{rel}","templated":true}]}}