{"id":17106,"date":"2026-02-17T20:49:29","date_gmt":"2026-02-17T20:49:29","guid":{"rendered":"http:\/\/technovox.ba\/product\/frizider-nrk-619-epxl4\/"},"modified":"2026-03-30T23:18:01","modified_gmt":"2026-03-30T23:18:01","slug":"frizider-nrk-619-epxl4","status":"publish","type":"product","link":"https:\/\/technovox.ba\/bs\/proizvod\/frizider-nrk-619-epxl4\/","title":{"rendered":"Frizider NRK 619 EPXL4"},"content":{"rendered":"","protected":false},"excerpt":{"rendered":"<div class=\"woocommerce-product-details__short-description\">\n<div class=\"product-gallery__title\" data-product-item-id=\"000000000020011675\">\n<div data-product-item-name=\"NRK619EPXL4\">\n<div data-product-main-category=\"Kombinovani fri\u017eider\"><span class=\"first-word-bold\">G200<\/span> Samostoje\u0107i fri\u017eider sa zamrziva\u010dem, 186 x 59.5 x 58.9 cm, Siva<\/div>\n<\/div>\n<\/div>\n<div class=\"product-gallery__subtitle\">NRK619EPXL4<\/div>\n<div class=\"product-gallery__details\"><span class=\"bullet-list\">E energetska efikasnost <\/span><\/div>\n<div class=\"product-gallery__details\"><span class=\"bullet-list\"><span class=\"normal_label\">U\u0161teda novca<\/span><\/span><span class=\"bullet-list\">EasyTray\u00a0<\/span><\/div>\n<div class=\"product-gallery__details\"><span class=\"bullet-list\"><span class=\"normal_label\">Posebna ladica za jednostavan pristup zamrznutoj hrani<\/span><\/span><span class=\"bullet-list\">NoFrost Plus <\/span><span class=\"bullet-list\"><span class=\"normal_label\">\u00a0<\/span><\/span><\/div>\n<div class=\"product-gallery__details\"><span class=\"bullet-list\"><span class=\"normal_label\">Nema vi\u0161e zamornog odmrzavanja<\/span><\/span><\/div>\n<\/div>\n<form class=\"cart\" action=\"http:\/\/technovox.ba\/bs\/proizvod\/frizider-nrk-619-epxl4\/\" enctype=\"multipart\/form-data\" method=\"post\" data-trp-original-action=\"http:\/\/technovox.ba\/product\/frizider-nrk-619-epxl4\/\">\n<div class=\"quantity\">\n<div class=\"number-button\"><\/div>\n<\/div>\n<input type=\"hidden\" name=\"trp-form-language\" value=\"bs\"\/><\/form>","protected":false},"featured_media":17175,"comment_status":"open","ping_status":"closed","template":"","meta":{"_monsterinsights_skip_tracking":false,"_monsterinsights_sitenote_active":false,"_monsterinsights_sitenote_note":"","_monsterinsights_sitenote_category":0},"product_brand":[],"product_cat":[223,178],"product_tag":[],"class_list":{"0":"post-17106","1":"product","2":"type-product","3":"status-publish","4":"has-post-thumbnail","6":"product_cat-frizider","7":"product_cat-svi-proizvodi","9":"first","10":"instock","11":"shipping-taxable","12":"purchasable","13":"product-type-simple"},"aioseo_notices":[],"_links":{"self":[{"href":"https:\/\/technovox.ba\/bs\/wp-json\/wp\/v2\/product\/17106","targetHints":{"allow":["GET"]}}],"collection":[{"href":"https:\/\/technovox.ba\/bs\/wp-json\/wp\/v2\/product"}],"about":[{"href":"https:\/\/technovox.ba\/bs\/wp-json\/wp\/v2\/types\/product"}],"replies":[{"embeddable":true,"href":"https:\/\/technovox.ba\/bs\/wp-json\/wp\/v2\/comments?post=17106"}],"wp:featuredmedia":[{"embeddable":true,"href":"https:\/\/technovox.ba\/bs\/wp-json\/wp\/v2\/media\/17175"}],"wp:attachment":[{"href":"https:\/\/technovox.ba\/bs\/wp-json\/wp\/v2\/media?parent=17106"}],"wp:term":[{"taxonomy":"product_brand","embeddable":true,"href":"https:\/\/technovox.ba\/bs\/wp-json\/wp\/v2\/product_brand?post=17106"},{"taxonomy":"product_cat","embeddable":true,"href":"https:\/\/technovox.ba\/bs\/wp-json\/wp\/v2\/product_cat?post=17106"},{"taxonomy":"product_tag","embeddable":true,"href":"https:\/\/technovox.ba\/bs\/wp-json\/wp\/v2\/product_tag?post=17106"}],"curies":[{"name":"wp","href":"https:\/\/api.w.org\/{rel}","templated":true}]}}