{"id":17090,"date":"2026-02-17T20:49:26","date_gmt":"2026-02-17T20:49:26","guid":{"rendered":"http:\/\/technovox.ba\/product\/usisivac-vc-2221-dp-bkr-ii\/"},"modified":"2026-03-28T22:02:56","modified_gmt":"2026-03-28T22:02:56","slug":"usisivac-gorenje-2221-dp-bkr-ii","status":"publish","type":"product","link":"https:\/\/technovox.ba\/bs\/proizvod\/usisivac-gorenje-2221-dp-bkr-ii\/","title":{"rendered":"Usisiva\u010d Gorenje VC 2221 DP BKR II"},"content":{"rendered":"<div class=\"wpb-content-wrapper\">\t<div  class=\"vc_row wpb_row vc_row-fluid vc_column-gap-default ts-row-wide\"  ><div class=\"wpb_column vc_column_container vc_col-sm-12\">\n\t<div class=\"wpb_wrapper\">\n\t\n\t<div class=\"wpb_text_column wpb_content_element\" >\n\t\t<div class=\"wpb_wrapper\">\n\t\t\t<table class=\"product-full-desc-table\">\n<tbody>\n<tr>\n<td class=\"feature-title\" colspan=\"2\">Gorenje usisiva\u010d VC2221DPBKRII<\/td>\n<\/tr>\n<tr>\n<td class=\"feature-title\" colspan=\"2\">Usisiva\u010d sa kesom<\/td>\n<\/tr>\n<tr>\n<td class=\"feature-title\" colspan=\"2\">DELTA POWER II<\/td>\n<\/tr>\n<tr>\n<td class=\"feature\">Snaga motora<\/td>\n<td>2200 W<\/td>\n<\/tr>\n<tr>\n<td class=\"feature-title\" colspan=\"2\">Teleskopska metalna cev du\u017eine 80 cm<\/td>\n<\/tr>\n<tr>\n<td class=\"feature-title\" colspan=\"2\">Univerzalna \u010detka<\/td>\n<\/tr>\n<tr>\n<td class=\"feature-title\" colspan=\"2\">HEPA filtracija<\/td>\n<\/tr>\n<tr>\n<td class=\"feature\">Radijus rada<\/td>\n<td>14 m<\/td>\n<\/tr>\n<tr>\n<td class=\"feature-title\" colspan=\"2\">Elektronsko regulisanje snage sa kliznim dugmetom<\/td>\n<\/tr>\n<tr>\n<td class=\"feature\">Upravljanje lokacija<\/td>\n<td>Na aparatu<\/td>\n<\/tr>\n<tr>\n<td class=\"feature-title\" colspan=\"2\">Lagani start motora &#8211; SOFT START<\/td>\n<\/tr>\n<tr>\n<td class=\"feature\">Usisna snaga<\/td>\n<td>420 W<\/td>\n<\/tr>\n<tr>\n<td class=\"feature\">Protok vazduha<\/td>\n<td>41 L\/s<\/td>\n<\/tr>\n<tr>\n<td class=\"feature\">Maks. podpritisak<\/td>\n<td>26 kPa<\/td>\n<\/tr>\n<tr>\n<td class=\"feature-title\" colspan=\"2\">HEPA filtracija<\/td>\n<\/tr>\n<tr>\n<td class=\"feature\">Zapremina kese<\/td>\n<td>3 l<\/td>\n<\/tr>\n<tr>\n<td class=\"feature-title\" colspan=\"2\">Gumirani to\u010dkovi, 3 kom<\/td>\n<\/tr>\n<tr>\n<td class=\"feature\">Du\u017eina priklju\u010dnog kabla<\/td>\n<td>5 m<\/td>\n<\/tr>\n<tr>\n<td class=\"feature\">Na\u010din \u010duvanja<\/td>\n<td>Uspravno + horizontalno<\/td>\n<\/tr>\n<tr>\n<td class=\"feature-title\" colspan=\"2\">Nastavak za odlaganje cevi<\/td>\n<\/tr>\n<tr>\n<td class=\"feature\">Kese<\/td>\n<td>1 + 1 papirna i tekstilna<\/td>\n<\/tr>\n<tr>\n<td class=\"feature\">Boja<\/td>\n<td>Crna<\/td>\n<\/tr>\n<tr>\n<td class=\"feature\">Dimenzije aparata (\u0161xvxd)<\/td>\n<td>44 \u00d7 30,5 \u00d7 24,5 cm<\/td>\n<\/tr>\n<tr>\n<td class=\"feature\">Te\u017eina aparata<\/td>\n<td>4,9 kg<\/td>\n<\/tr>\n<tr>\n<td class=\"feature\">Bruto te\u017eina aparata<\/td>\n<td>7,2 kg<\/td>\n<\/tr>\n<\/tbody>\n<\/table>\n\n\t\t<\/div>\n\t<\/div>\n\t<\/div>\n<\/div><\/div>\n<\/div>","protected":false},"excerpt":{"rendered":"<h3><b>Usisiva\u010d Gorenje VC 2221 DP BKR II\u00a0<\/b><\/h3>\n<p class=\"p3\">Sna\u017ean i pouzdan usisiva\u010d dizajniran za temeljno \u010di\u0161\u0107enje svih povr\u0161ina u domu. Odlikuje ga visoka usisna snaga i prakti\u010dan dizajn koji omogu\u0107ava lako rukovanje.<\/p>\n<p class=\"p3\">\u2714 Sna\u017ean motor za dubinsko \u010di\u0161\u0107enje<\/p>\n<p class=\"p3\">\u2714 Veliki radijus kretanja za ve\u0107u pokrivenost prostora<\/p>\n<p class=\"p3\">\u2714 Regulacija snage usisavanja<\/p>\n<p class=\"p3\">\u2714 Posuda \/ vre\u0107ica za jednostavno odr\u017eavanje<\/p>\n<p class=\"p3\">\u2714 Tihi rad i stabilne performanse<\/p>\n<p class=\"p3\">Idealno rje\u0161enje za brzo i efikasno odr\u017eavanje \u010disto\u0107e u svakom domu.<\/p>","protected":false},"featured_media":17267,"comment_status":"open","ping_status":"closed","template":"","meta":{"_monsterinsights_skip_tracking":false,"_monsterinsights_sitenote_active":false,"_monsterinsights_sitenote_note":"","_monsterinsights_sitenote_category":0},"product_brand":[],"product_cat":[],"product_tag":[],"class_list":{"0":"post-17090","1":"product","2":"type-product","3":"status-publish","4":"has-post-thumbnail","6":"ts_product_brand-gorenje","8":"first","9":"instock","10":"shipping-taxable","11":"purchasable","12":"product-type-simple"},"aioseo_notices":[],"_links":{"self":[{"href":"https:\/\/technovox.ba\/bs\/wp-json\/wp\/v2\/product\/17090","targetHints":{"allow":["GET"]}}],"collection":[{"href":"https:\/\/technovox.ba\/bs\/wp-json\/wp\/v2\/product"}],"about":[{"href":"https:\/\/technovox.ba\/bs\/wp-json\/wp\/v2\/types\/product"}],"replies":[{"embeddable":true,"href":"https:\/\/technovox.ba\/bs\/wp-json\/wp\/v2\/comments?post=17090"}],"wp:featuredmedia":[{"embeddable":true,"href":"https:\/\/technovox.ba\/bs\/wp-json\/wp\/v2\/media\/17267"}],"wp:attachment":[{"href":"https:\/\/technovox.ba\/bs\/wp-json\/wp\/v2\/media?parent=17090"}],"wp:term":[{"taxonomy":"product_brand","embeddable":true,"href":"https:\/\/technovox.ba\/bs\/wp-json\/wp\/v2\/product_brand?post=17090"},{"taxonomy":"product_cat","embeddable":true,"href":"https:\/\/technovox.ba\/bs\/wp-json\/wp\/v2\/product_cat?post=17090"},{"taxonomy":"product_tag","embeddable":true,"href":"https:\/\/technovox.ba\/bs\/wp-json\/wp\/v2\/product_tag?post=17090"}],"curies":[{"name":"wp","href":"https:\/\/api.w.org\/{rel}","templated":true}]}}